{"id":3,"date":"2026-01-27T17:57:27","date_gmt":"2026-01-27T17:57:27","guid":{"rendered":"http:\/\/juresco.com\/?page_id=3"},"modified":"2026-04-02T11:11:16","modified_gmt":"2026-04-02T10:11:16","slug":"privacy-policy","status":"publish","type":"page","link":"https:\/\/juresco.com\/index.php\/fr\/homepage\/privacy-policy\/","title":{"rendered":"Politique de confidentialit\u00e9"},"content":{"rendered":"\n<figure class=\"wp-block-image aligncenter size-large is-resized\" style=\"margin-top:var(--wp--preset--spacing--60);margin-bottom:var(--wp--preset--spacing--50)\"><a href=\"https:\/\/juresco.com\/index.php\/fr\/homepage-2\/\"><img loading=\"lazy\" decoding=\"async\" width=\"1024\" height=\"269\" src=\"https:\/\/juresco.com\/wp-content\/uploads\/2026\/03\/juresco-colors-4x-1024x269.png\" alt=\"\" class=\"wp-image-345\" style=\"aspect-ratio:3.8067133898930283;width:355px;height:auto\" srcset=\"https:\/\/juresco.com\/wp-content\/uploads\/2026\/03\/juresco-colors-4x-1024x269.png 1024w, https:\/\/juresco.com\/wp-content\/uploads\/2026\/03\/juresco-colors-4x-300x79.png 300w, https:\/\/juresco.com\/wp-content\/uploads\/2026\/03\/juresco-colors-4x-768x202.png 768w, https:\/\/juresco.com\/wp-content\/uploads\/2026\/03\/juresco-colors-4x-1536x403.png 1536w, https:\/\/juresco.com\/wp-content\/uploads\/2026\/03\/juresco-colors-4x-2048x538.png 2048w\" sizes=\"auto, (max-width: 1024px) 100vw, 1024px\" \/><\/a><\/figure>\n\n\n\n<div class=\"wp-block-group alignwide is-vertical is-layout-flex wp-container-core-group-is-layout-fe9cc265 wp-block-group-is-layout-flex\">\n<h1 class=\"wp-block-heading has-text-align-center\" style=\"font-size:clamp(22.544px, 1.409rem + ((1vw - 3.2px) * 1.417), 37px);\">Politique de confidentialit\u00e9 du site juresco.com<\/h1>\n\n\n\n<p><\/p>\n\n\n\n<p class=\"has-medium-font-size\">La pr\u00e9sente politique de confidentialit\u00e9 des donn\u00e9es personnelles a \u00e9t\u00e9 r\u00e9dig\u00e9e par notre \u00e9quipe au sein de la SARL Juresco dont le si\u00e8ge social est situ\u00e9 au 57 B BOULEVARD DES ALPES, 38240 MEYLAN, conform\u00e9ment aux dispositions de la Loi n\u00b078-17 du 6 janvier 1978 modifi\u00e9e (\u00ab\u202fLoi informatique et libert\u00e9s\u202f\u00bb) et du R\u00e8glement G\u00e9n\u00e9ral sur la Protection des Donn\u00e9es (RGPD) n\u00b02016\/679.<\/p>\n\n\n\n<p class=\"has-medium-font-size\">Notre \u00e9quipe collecte uniquement les donn\u00e9es strictement n\u00e9cessaires \u00e0 notre expertise. Le site web a \u00e9t\u00e9 cr\u00e9\u00e9 sur l\u2019infrastructure WordPress, qui met en place des mesures techniques et organisationnelles pour prot\u00e9ger les donn\u00e9es sur ses serveurs. WordPress veille \u00e9galement \u00e0 \u00eatre conforme au RGPD et \u00e0 d\u2019autres normes internationales.<\/p>\n\n\n\n<p><\/p>\n\n\n\n<h2 class=\"wp-block-heading has-large-font-size\">SECTION 1 \u2013 Quels types de donn\u00e9es \u00e0 caract\u00e8re personnel collectons-nous et \u00e0 quelle fin ?<\/h2>\n\n\n\n<p class=\"has-medium-font-size\"><strong><em>Formulaire de contact<\/em><\/strong> : Lorsque vous cliquez sur le bouton \u00ab\u202fContactez nous par email \u00bb, et que vous envoyez effectivement un e-mail, nous collectons votre adresse e-mail, le sujet et le contenu de votre message afin de pouvoir traiter votre demande.<\/p>\n\n\n\n<p class=\"has-medium-font-size\"><strong><em>Planification d\u2019une visio-conf\u00e9rence :<\/em><\/strong> Lorsque vous cliquez sur le bouton \u00ab&nbsp;Prenez un RDV en ligne&nbsp;\u00bb pour organiser une premi\u00e8re r\u00e9union d&rsquo;\u00e9change avec notre \u00e9quipe, nous collectons les informations n\u00e9cessaires que vous saisirez dans le formulaire de prise de rdv, pour planifier et pr\u00e9parer cette rencontre.<\/p>\n\n\n\n<p class=\"has-medium-font-size\"><strong><em>Cookies<\/em><\/strong><em> :<\/em> Nous d\u00e9posons des cookies sur votre ordinateur, mobile ou tablette pour am\u00e9liorer l\u2019interactivit\u00e9 du site et nos services. Vous pouvez les bloquer via les param\u00e8tres de votre navigateur, mais certaines fonctionnalit\u00e9s du site pourraient alors \u00eatre limit\u00e9es. Vous pouvez \u00e9galement vous opposer aux traceurs de mesure d\u2019audience strictement n\u00e9cessaires au fonctionnement du site via la fen\u00eatre de gestion des cookies.<\/p>\n\n\n\n<p><\/p>\n\n\n\n<h2 class=\"wp-block-heading has-large-font-size\">SECTION 2 \u2013 Quelle est la base l\u00e9gale de nos traitements de donn\u00e9es\u202f? &nbsp;<\/h2>\n\n\n\n<p class=\"has-medium-font-size\">Notre \u00e9quipe traite vos donn\u00e9es personnelles dans le respect de la r\u00e9glementation, sur la base des fondements l\u00e9gaux suivants\u202f:<\/p>\n\n\n\n<ul class=\"wp-block-list\">\n<li class=\"has-medium-font-size\"><strong><em>Contact par mail \/ Prise de RDV en ligne:<\/em><\/strong> La collecte de vos informations est fond\u00e9e sur notre int\u00e9r\u00eat l\u00e9gitime \u00e0 vous permettre de nous contacter et de r\u00e9pondre \u00e0 votre demande.<\/li>\n\n\n\n<li class=\"has-medium-font-size\"><strong><em>Cookies :<\/em><\/strong> La collecte est fond\u00e9e sur votre consentement, que vous nous accordez via la banni\u00e8re affich\u00e9e lors de votre visite sur notre site.<\/li>\n<\/ul>\n\n\n\n<p><\/p>\n\n\n\n<h2 class=\"wp-block-heading has-large-font-size\">SECTION 3 \u2013 Qui a acc\u00e8s \u00e0 vos donn\u00e9es\u202f?&nbsp;<\/h2>\n\n\n\n<p class=\"has-medium-font-size\">Seule notre \u00e9quipe a acc\u00e8s \u00e0 vos donn\u00e9es personnelles. Nous ne vendons ni ne louons vos donn\u00e9es \u00e0 des tiers, et aucun transfert en dehors de l\u2019Union europ\u00e9enne n\u2019est effectu\u00e9. Pour fournir nos prestations, nous pouvons faire appel \u00e0 des sous-traitants partageant nos valeurs et respectant le RGPD.<\/p>\n\n\n\n<p><\/p>\n\n\n\n<h2 class=\"wp-block-heading has-large-font-size\">SECTION 4 \u2013 Quelle est la dur\u00e9e de conservation de vos donn\u00e9es personnelles\u202f?&nbsp;&nbsp;<\/h2>\n\n\n\n<p class=\"has-medium-font-size\"><strong><em>Contact par mail \/ Prise de RDV en ligne:<\/em><\/strong> Vos donn\u00e9es sont conserv\u00e9es uniquement le temps n\u00e9cessaire au traitement de votre demande et sont supprim\u00e9es \u00e0 la fin de chaque ann\u00e9e civile.<\/p>\n\n\n\n<p class=\"has-medium-font-size\"><strong><em>Cookies :<\/em><\/strong> Les choix que vous faites concernant les cookies sont sauvegard\u00e9s pendant 12 mois, et les cookies d\u00e9pos\u00e9s lors de votre consentement expirent au bout de 13 mois.<\/p>\n\n\n\n<p><\/p>\n\n\n\n<h2 class=\"wp-block-heading has-large-font-size\">SECTION 5 \u2013 Quels sont vos droits ?<\/h2>\n\n\n\n<p class=\"has-medium-font-size\">Vous pouvez exercer vos droits informatique et libert\u00e9 suivants : le droit d&rsquo;acc\u00e9der aux informations personnelles que je d\u00e9tiens \u00e0 votre sujet, le droit de rectification, restriction ou suppression. Vous pouvez \u00e9galement demander une copie de vos donn\u00e9es personnelles ou de vous opposer au traitement de ces derni\u00e8res.&nbsp;<\/p>\n\n\n\n<p class=\"has-medium-font-size\">Vous pouvez exercer ces droits en vous adressant directement \u00e0 notre \u00e9quipe :<\/p>\n\n\n\n<p class=\"has-medium-font-size\">Soit par e-mail : contact@juresco.com<\/p>\n\n\n\n<p class=\"has-medium-font-size\">Soit par courrier postal&nbsp;: Juresco, 57 B BOULEVARD DES ALPES, 38240 MEYLAN ;<\/p>\n\n\n\n<p class=\"has-medium-font-size\">Pour toute demande ou information concernant l\u2019exercice de vos droits, il faudra indiquer votre nom et votre pr\u00e9nom, nous vous contacterons pour obtenir de plus amples informations et \u00e9ventuellement une preuve d\u2019identit\u00e9 selon votre demande (cette derni\u00e8re sera d\u00e9truite d\u00e8s l\u2019exercice du droit effectu\u00e9). Il est imp\u00e9ratif d\u2019indiquer pr\u00e9cis\u00e9ment le droit que vous souhaitez exercer, ainsi que votre adresse \u00e9lectronique ou postale afin de vous recontacter. Nous r\u00e9pondrons \u00e0 cette demande dans un d\u00e9lai d\u2019un mois, sauf difficult\u00e9 particuli\u00e8re.&nbsp;&nbsp;<\/p>\n\n\n\n<p><\/p>\n\n\n\n<h2 class=\"wp-block-heading has-large-font-size\">SECTION 6 \u2013 Plaintes&nbsp;&nbsp;<\/h2>\n\n\n\n<p class=\"has-medium-font-size\">Vous conservez le droit de d\u00e9poser une r\u00e9clamation aupr\u00e8s de l\u2019autorit\u00e9 de contr\u00f4le (CNIL), sur son site internet, via le lien suivant : <a href=\"https:\/\/www.cnil.fr\/fr\/plaintes\">https:\/\/www.cnil.fr\/fr\/plaintes<\/a> ou par adresse postale : Service des Plaintes \u2013 3 Place de Fontenoy \u2013 TSA 80715 \u2013 75334 PARIS CEDEX 07.&nbsp;<\/p>\n\n\n\n<p><\/p>\n\n\n\n<h2 class=\"wp-block-heading has-large-font-size\">SECTION 7 \u2013 Modifications de la politique de confidentialit\u00e9<\/h2>\n\n\n\n<p class=\"has-medium-font-size\">La pr\u00e9sente Politique de confidentialit\u00e9 est modifi\u00e9e ou mise \u00e0 jour lorsque cela est n\u00e9cessaire pour refl\u00e9ter les changements de la loi, des r\u00e9glementations ou de la pratique en vigueur. C\u2019est pourquoi, notre \u00e9quipe vous invite \u00e0 la consulter p\u00e9riodiquement. Pour toute question relative \u00e0 la pr\u00e9sente politique de confidentialit\u00e9, vous pouvez nous contacter en adressant un courriel \u00e0 contact@juresco.com<\/p>\n\n\n\n<p><\/p>\n<\/div>\n\n\n\n<p><\/p>\n\n\n\n<p><\/p>\n","protected":false},"excerpt":{"rendered":"<p>Politique de confidentialit\u00e9 du site juresco.com La pr\u00e9sente politique de confidentialit\u00e9 des donn\u00e9es personnelles a \u00e9t\u00e9 r\u00e9dig\u00e9e par notre \u00e9quipe au sein de la SARL Juresco dont le si\u00e8ge social est situ\u00e9 au 57 B BOULEVARD DES ALPES, 38240 MEYLAN, conform\u00e9ment aux dispositions de la Loi n\u00b078-17 du 6 janvier 1978 modifi\u00e9e (\u00ab\u202fLoi informatique et [&hellip;]<\/p>\n","protected":false},"author":1,"featured_media":0,"parent":11,"menu_order":0,"comment_status":"closed","ping_status":"closed","template":"page-no-title","meta":{"_acf_changed":false,"footnotes":""},"class_list":["post-3","page","type-page","status-publish","hentry"],"acf":[],"yoast_head":"<!-- This site is optimized with the Yoast SEO plugin v27.3 - https:\/\/yoast.com\/product\/yoast-seo-wordpress\/ -->\n<title>Politique de confidentialit\u00e9 - Juresco<\/title>\n<meta name=\"robots\" content=\"index, follow, max-snippet:-1, max-image-preview:large, max-video-preview:-1\" \/>\n<link rel=\"canonical\" href=\"https:\/\/juresco.com\/index.php\/fr\/homepage\/privacy-policy\/\" \/>\n<meta property=\"og:locale\" content=\"fr_FR\" \/>\n<meta property=\"og:type\" content=\"article\" \/>\n<meta property=\"og:title\" content=\"Politique de confidentialit\u00e9 - Juresco\" \/>\n<meta property=\"og:description\" content=\"Politique de confidentialit\u00e9 du site juresco.com La pr\u00e9sente politique de confidentialit\u00e9 des donn\u00e9es personnelles a \u00e9t\u00e9 r\u00e9dig\u00e9e par notre \u00e9quipe au sein de la SARL Juresco dont le si\u00e8ge social est situ\u00e9 au 57 B BOULEVARD DES ALPES, 38240 MEYLAN, conform\u00e9ment aux dispositions de la Loi n\u00b078-17 du 6 janvier 1978 modifi\u00e9e (\u00ab\u202fLoi informatique et [&hellip;]\" \/>\n<meta property=\"og:url\" content=\"https:\/\/juresco.com\/index.php\/fr\/homepage\/privacy-policy\/\" \/>\n<meta property=\"og:site_name\" content=\"Juresco\" \/>\n<meta property=\"article:modified_time\" content=\"2026-04-02T10:11:16+00:00\" \/>\n<meta property=\"og:image\" content=\"http:\/\/juresco.com\/wp-content\/uploads\/2026\/03\/juresco-colors-4x-1024x269.png\" \/>\n<meta name=\"twitter:card\" content=\"summary_large_image\" \/>\n<meta name=\"twitter:label1\" content=\"Dur\u00e9e de lecture estim\u00e9e\" \/>\n\t<meta name=\"twitter:data1\" content=\"5 minutes\" \/>\n<script type=\"application\/ld+json\" class=\"yoast-schema-graph\">{\"@context\":\"https:\\\/\\\/schema.org\",\"@graph\":[{\"@type\":\"WebPage\",\"@id\":\"https:\\\/\\\/juresco.com\\\/index.php\\\/fr\\\/homepage\\\/privacy-policy\\\/\",\"url\":\"https:\\\/\\\/juresco.com\\\/index.php\\\/fr\\\/homepage\\\/privacy-policy\\\/\",\"name\":\"Politique de confidentialit\u00e9 - Juresco\",\"isPartOf\":{\"@id\":\"https:\\\/\\\/juresco.com\\\/#website\"},\"primaryImageOfPage\":{\"@id\":\"https:\\\/\\\/juresco.com\\\/index.php\\\/fr\\\/homepage\\\/privacy-policy\\\/#primaryimage\"},\"image\":{\"@id\":\"https:\\\/\\\/juresco.com\\\/index.php\\\/fr\\\/homepage\\\/privacy-policy\\\/#primaryimage\"},\"thumbnailUrl\":\"http:\\\/\\\/juresco.com\\\/wp-content\\\/uploads\\\/2026\\\/03\\\/juresco-colors-4x-1024x269.png\",\"datePublished\":\"2026-01-27T17:57:27+00:00\",\"dateModified\":\"2026-04-02T10:11:16+00:00\",\"breadcrumb\":{\"@id\":\"https:\\\/\\\/juresco.com\\\/index.php\\\/fr\\\/homepage\\\/privacy-policy\\\/#breadcrumb\"},\"inLanguage\":\"fr-FR\",\"potentialAction\":[{\"@type\":\"ReadAction\",\"target\":[\"https:\\\/\\\/juresco.com\\\/index.php\\\/fr\\\/homepage\\\/privacy-policy\\\/\"]}]},{\"@type\":\"ImageObject\",\"inLanguage\":\"fr-FR\",\"@id\":\"https:\\\/\\\/juresco.com\\\/index.php\\\/fr\\\/homepage\\\/privacy-policy\\\/#primaryimage\",\"url\":\"https:\\\/\\\/juresco.com\\\/wp-content\\\/uploads\\\/2026\\\/03\\\/juresco-colors-4x.png\",\"contentUrl\":\"https:\\\/\\\/juresco.com\\\/wp-content\\\/uploads\\\/2026\\\/03\\\/juresco-colors-4x.png\",\"width\":2201,\"height\":578},{\"@type\":\"BreadcrumbList\",\"@id\":\"https:\\\/\\\/juresco.com\\\/index.php\\\/fr\\\/homepage\\\/privacy-policy\\\/#breadcrumb\",\"itemListElement\":[{\"@type\":\"ListItem\",\"position\":1,\"name\":\"Accueil\",\"item\":\"https:\\\/\\\/juresco.com\\\/index.php\\\/fr\\\/homepage-2\\\/\"},{\"@type\":\"ListItem\",\"position\":2,\"name\":\"OLD Homepage\",\"item\":\"https:\\\/\\\/juresco.com\\\/?page_id=11\"},{\"@type\":\"ListItem\",\"position\":3,\"name\":\"Politique de confidentialit\u00e9\"}]},{\"@type\":\"WebSite\",\"@id\":\"https:\\\/\\\/juresco.com\\\/#website\",\"url\":\"https:\\\/\\\/juresco.com\\\/\",\"name\":\"Juresco\",\"description\":\"Accompagnements en conformit\u00e9 r\u00e9glementaire\",\"publisher\":{\"@id\":\"https:\\\/\\\/juresco.com\\\/#organization\"},\"potentialAction\":[{\"@type\":\"SearchAction\",\"target\":{\"@type\":\"EntryPoint\",\"urlTemplate\":\"https:\\\/\\\/juresco.com\\\/?s={search_term_string}\"},\"query-input\":{\"@type\":\"PropertyValueSpecification\",\"valueRequired\":true,\"valueName\":\"search_term_string\"}}],\"inLanguage\":\"fr-FR\"},{\"@type\":\"Organization\",\"@id\":\"https:\\\/\\\/juresco.com\\\/#organization\",\"name\":\"Juresco\",\"url\":\"https:\\\/\\\/juresco.com\\\/\",\"logo\":{\"@type\":\"ImageObject\",\"inLanguage\":\"fr-FR\",\"@id\":\"https:\\\/\\\/juresco.com\\\/#\\\/schema\\\/logo\\\/image\\\/\",\"url\":\"http:\\\/\\\/juresco.com\\\/wp-content\\\/uploads\\\/2026\\\/02\\\/444f0939-7786-403d-8f73-f2bf75c47d96-edited.jpeg\",\"contentUrl\":\"http:\\\/\\\/juresco.com\\\/wp-content\\\/uploads\\\/2026\\\/02\\\/444f0939-7786-403d-8f73-f2bf75c47d96-edited.jpeg\",\"width\":444,\"height\":247,\"caption\":\"Juresco\"},\"image\":{\"@id\":\"https:\\\/\\\/juresco.com\\\/#\\\/schema\\\/logo\\\/image\\\/\"}}]}<\/script>\n<!-- \/ Yoast SEO plugin. -->","yoast_head_json":{"title":"Politique de confidentialit\u00e9 - Juresco","robots":{"index":"index","follow":"follow","max-snippet":"max-snippet:-1","max-image-preview":"max-image-preview:large","max-video-preview":"max-video-preview:-1"},"canonical":"https:\/\/juresco.com\/index.php\/fr\/homepage\/privacy-policy\/","og_locale":"fr_FR","og_type":"article","og_title":"Politique de confidentialit\u00e9 - Juresco","og_description":"Politique de confidentialit\u00e9 du site juresco.com La pr\u00e9sente politique de confidentialit\u00e9 des donn\u00e9es personnelles a \u00e9t\u00e9 r\u00e9dig\u00e9e par notre \u00e9quipe au sein de la SARL Juresco dont le si\u00e8ge social est situ\u00e9 au 57 B BOULEVARD DES ALPES, 38240 MEYLAN, conform\u00e9ment aux dispositions de la Loi n\u00b078-17 du 6 janvier 1978 modifi\u00e9e (\u00ab\u202fLoi informatique et [&hellip;]","og_url":"https:\/\/juresco.com\/index.php\/fr\/homepage\/privacy-policy\/","og_site_name":"Juresco","article_modified_time":"2026-04-02T10:11:16+00:00","og_image":[{"url":"http:\/\/juresco.com\/wp-content\/uploads\/2026\/03\/juresco-colors-4x-1024x269.png","type":"","width":"","height":""}],"twitter_card":"summary_large_image","twitter_misc":{"Dur\u00e9e de lecture estim\u00e9e":"5 minutes"},"schema":{"@context":"https:\/\/schema.org","@graph":[{"@type":"WebPage","@id":"https:\/\/juresco.com\/index.php\/fr\/homepage\/privacy-policy\/","url":"https:\/\/juresco.com\/index.php\/fr\/homepage\/privacy-policy\/","name":"Politique de confidentialit\u00e9 - Juresco","isPartOf":{"@id":"https:\/\/juresco.com\/#website"},"primaryImageOfPage":{"@id":"https:\/\/juresco.com\/index.php\/fr\/homepage\/privacy-policy\/#primaryimage"},"image":{"@id":"https:\/\/juresco.com\/index.php\/fr\/homepage\/privacy-policy\/#primaryimage"},"thumbnailUrl":"http:\/\/juresco.com\/wp-content\/uploads\/2026\/03\/juresco-colors-4x-1024x269.png","datePublished":"2026-01-27T17:57:27+00:00","dateModified":"2026-04-02T10:11:16+00:00","breadcrumb":{"@id":"https:\/\/juresco.com\/index.php\/fr\/homepage\/privacy-policy\/#breadcrumb"},"inLanguage":"fr-FR","potentialAction":[{"@type":"ReadAction","target":["https:\/\/juresco.com\/index.php\/fr\/homepage\/privacy-policy\/"]}]},{"@type":"ImageObject","inLanguage":"fr-FR","@id":"https:\/\/juresco.com\/index.php\/fr\/homepage\/privacy-policy\/#primaryimage","url":"https:\/\/juresco.com\/wp-content\/uploads\/2026\/03\/juresco-colors-4x.png","contentUrl":"https:\/\/juresco.com\/wp-content\/uploads\/2026\/03\/juresco-colors-4x.png","width":2201,"height":578},{"@type":"BreadcrumbList","@id":"https:\/\/juresco.com\/index.php\/fr\/homepage\/privacy-policy\/#breadcrumb","itemListElement":[{"@type":"ListItem","position":1,"name":"Accueil","item":"https:\/\/juresco.com\/index.php\/fr\/homepage-2\/"},{"@type":"ListItem","position":2,"name":"OLD Homepage","item":"https:\/\/juresco.com\/?page_id=11"},{"@type":"ListItem","position":3,"name":"Politique de confidentialit\u00e9"}]},{"@type":"WebSite","@id":"https:\/\/juresco.com\/#website","url":"https:\/\/juresco.com\/","name":"Juresco","description":"Accompagnements en conformit\u00e9 r\u00e9glementaire","publisher":{"@id":"https:\/\/juresco.com\/#organization"},"potentialAction":[{"@type":"SearchAction","target":{"@type":"EntryPoint","urlTemplate":"https:\/\/juresco.com\/?s={search_term_string}"},"query-input":{"@type":"PropertyValueSpecification","valueRequired":true,"valueName":"search_term_string"}}],"inLanguage":"fr-FR"},{"@type":"Organization","@id":"https:\/\/juresco.com\/#organization","name":"Juresco","url":"https:\/\/juresco.com\/","logo":{"@type":"ImageObject","inLanguage":"fr-FR","@id":"https:\/\/juresco.com\/#\/schema\/logo\/image\/","url":"http:\/\/juresco.com\/wp-content\/uploads\/2026\/02\/444f0939-7786-403d-8f73-f2bf75c47d96-edited.jpeg","contentUrl":"http:\/\/juresco.com\/wp-content\/uploads\/2026\/02\/444f0939-7786-403d-8f73-f2bf75c47d96-edited.jpeg","width":444,"height":247,"caption":"Juresco"},"image":{"@id":"https:\/\/juresco.com\/#\/schema\/logo\/image\/"}}]}},"_links":{"self":[{"href":"https:\/\/juresco.com\/index.php\/wp-json\/wp\/v2\/pages\/3","targetHints":{"allow":["GET"]}}],"collection":[{"href":"https:\/\/juresco.com\/index.php\/wp-json\/wp\/v2\/pages"}],"about":[{"href":"https:\/\/juresco.com\/index.php\/wp-json\/wp\/v2\/types\/page"}],"author":[{"embeddable":true,"href":"https:\/\/juresco.com\/index.php\/wp-json\/wp\/v2\/users\/1"}],"replies":[{"embeddable":true,"href":"https:\/\/juresco.com\/index.php\/wp-json\/wp\/v2\/comments?post=3"}],"version-history":[{"count":10,"href":"https:\/\/juresco.com\/index.php\/wp-json\/wp\/v2\/pages\/3\/revisions"}],"predecessor-version":[{"id":416,"href":"https:\/\/juresco.com\/index.php\/wp-json\/wp\/v2\/pages\/3\/revisions\/416"}],"up":[{"embeddable":true,"href":"https:\/\/juresco.com\/index.php\/wp-json\/wp\/v2\/pages\/11"}],"wp:attachment":[{"href":"https:\/\/juresco.com\/index.php\/wp-json\/wp\/v2\/media?parent=3"}],"curies":[{"name":"wp","href":"https:\/\/api.w.org\/{rel}","templated":true}]}}