{"id":329,"date":"2026-03-15T14:07:32","date_gmt":"2026-03-15T13:07:32","guid":{"rendered":"http:\/\/juresco.com\/?page_id=329"},"modified":"2026-04-02T11:12:08","modified_gmt":"2026-04-02T10:12:08","slug":"mentions-legales","status":"publish","type":"page","link":"https:\/\/juresco.com\/index.php\/fr\/homepage\/mentions-legales\/","title":{"rendered":"Mentions l\u00e9gales"},"content":{"rendered":"\n<div class=\"wp-block-group is-nowrap is-layout-flex wp-container-core-group-is-layout-6c531013 wp-block-group-is-layout-flex\"><\/div>\n\n\n\n<figure class=\"wp-block-image aligncenter size-large is-resized\" style=\"margin-top:var(--wp--preset--spacing--70);margin-bottom:var(--wp--preset--spacing--60)\"><a href=\"https:\/\/juresco.com\/index.php\/fr\/homepage-2\/\"><img loading=\"lazy\" decoding=\"async\" width=\"1024\" height=\"269\" src=\"https:\/\/juresco.com\/wp-content\/uploads\/2026\/03\/juresco-colors-4x-1024x269.png\" alt=\"\" class=\"wp-image-345\" style=\"aspect-ratio:3.8067133898930283;width:272px;height:auto\" srcset=\"https:\/\/juresco.com\/wp-content\/uploads\/2026\/03\/juresco-colors-4x-1024x269.png 1024w, https:\/\/juresco.com\/wp-content\/uploads\/2026\/03\/juresco-colors-4x-300x79.png 300w, https:\/\/juresco.com\/wp-content\/uploads\/2026\/03\/juresco-colors-4x-768x202.png 768w, https:\/\/juresco.com\/wp-content\/uploads\/2026\/03\/juresco-colors-4x-1536x403.png 1536w, https:\/\/juresco.com\/wp-content\/uploads\/2026\/03\/juresco-colors-4x-2048x538.png 2048w\" sizes=\"auto, (max-width: 1024px) 100vw, 1024px\" \/><\/a><\/figure>\n\n\n\n<div class=\"wp-block-group is-nowrap is-layout-flex wp-container-core-group-is-layout-6c531013 wp-block-group-is-layout-flex\"><\/div>\n\n\n\n<h1 class=\"wp-block-heading alignwide is-style-text-subtitle has-manrope-font-family has-xx-large-font-size is-style-text-subtitle--1\">Mentions l\u00e9gales<\/h1>\n\n\n\n<div class=\"wp-block-group alignfull is-nowrap is-layout-flex wp-container-core-group-is-layout-6c531013 wp-block-group-is-layout-flex\">\n<p class=\"has-base-background-color has-background has-manrope-font-family\">Conform\u00e9ment \u00e0 la loi n\u00b0 2004-2005 du 21 juin 2004 pour la confiance dans l\u2019\u00e9conomie num\u00e9rique (LCEN), le pr\u00e9sent site internet est cr\u00e9\u00e9 et administr\u00e9 par SARL JURESCO, propri\u00e9taire du site www.juresco.com, et met \u00e0 disposition du public les informations concernant son activit\u00e9 professionnelle.<\/p>\n<\/div>\n\n\n\n<h2 class=\"wp-block-heading alignwide has-x-large-font-size\">Coordonn\u00e9es :<\/h2>\n\n\n\n<div class=\"wp-block-group alignwide is-vertical is-layout-flex wp-container-core-group-is-layout-e59d6bbc wp-block-group-is-layout-flex\" style=\"margin-bottom:var(--wp--preset--spacing--60)\">\n<p class=\"has-manrope-font-family\">Nom de l\u2019entreprise : JURESCO&nbsp;<\/p>\n\n\n\n<p class=\"has-manrope-font-family\">Si\u00e8ge social : 57 B BOULEVARD DES ALPES, 38240 MEYLAN ; Adresse e-mail de contact : contact@juresco.com<\/p>\n\n\n\n<p class=\"has-manrope-font-family\">Num\u00e9ro SIREN : 102 252 145 (RCS Grenoble)<\/p>\n\n\n\n<p class=\"has-manrope-font-family\">Adresse e-mail de contact : contact@juresco.com <\/p>\n\n\n\n<p class=\"has-manrope-font-family\">T\u00e9l\u00e9phone : +33 (0)6 21 54 42 37<\/p>\n<\/div>\n\n\n\n<div class=\"wp-block-group alignwide is-vertical is-layout-flex wp-container-core-group-is-layout-e59d6bbc wp-block-group-is-layout-flex\" style=\"margin-bottom:var(--wp--preset--spacing--60)\">\n<h2 class=\"wp-block-heading\">H\u00e9bergement<\/h2>\n\n\n\n<p class=\"has-manrope-font-family\">WordPress<\/p>\n<\/div>\n","protected":false},"excerpt":{"rendered":"<p>Mentions l\u00e9gales Conform\u00e9ment \u00e0 la loi n\u00b0 2004-2005 du 21 juin 2004 pour la confiance dans l\u2019\u00e9conomie num\u00e9rique (LCEN), le pr\u00e9sent site internet est cr\u00e9\u00e9 et administr\u00e9 par SARL JURESCO, propri\u00e9taire du site www.juresco.com, et met \u00e0 disposition du public les informations concernant son activit\u00e9 professionnelle. Coordonn\u00e9es : Nom de l\u2019entreprise : JURESCO&nbsp; Si\u00e8ge social [&hellip;]<\/p>\n","protected":false},"author":1,"featured_media":0,"parent":11,"menu_order":0,"comment_status":"closed","ping_status":"closed","template":"page-no-title","meta":{"_acf_changed":false,"footnotes":""},"class_list":["post-329","page","type-page","status-publish","hentry"],"acf":[],"yoast_head":"<!-- This site is optimized with the Yoast SEO plugin v27.3 - https:\/\/yoast.com\/product\/yoast-seo-wordpress\/ -->\n<title>Mentions l\u00e9gales - Juresco<\/title>\n<meta name=\"robots\" content=\"index, follow, max-snippet:-1, max-image-preview:large, max-video-preview:-1\" \/>\n<link rel=\"canonical\" href=\"https:\/\/juresco.com\/index.php\/fr\/homepage\/mentions-legales\/\" \/>\n<meta property=\"og:locale\" content=\"fr_FR\" \/>\n<meta property=\"og:type\" content=\"article\" \/>\n<meta property=\"og:title\" content=\"Mentions l\u00e9gales - Juresco\" \/>\n<meta property=\"og:description\" content=\"Mentions l\u00e9gales Conform\u00e9ment \u00e0 la loi n\u00b0 2004-2005 du 21 juin 2004 pour la confiance dans l\u2019\u00e9conomie num\u00e9rique (LCEN), le pr\u00e9sent site internet est cr\u00e9\u00e9 et administr\u00e9 par SARL JURESCO, propri\u00e9taire du site www.juresco.com, et met \u00e0 disposition du public les informations concernant son activit\u00e9 professionnelle. Coordonn\u00e9es : Nom de l\u2019entreprise : JURESCO&nbsp; Si\u00e8ge social [&hellip;]\" \/>\n<meta property=\"og:url\" content=\"https:\/\/juresco.com\/index.php\/fr\/homepage\/mentions-legales\/\" \/>\n<meta property=\"og:site_name\" content=\"Juresco\" \/>\n<meta property=\"article:modified_time\" content=\"2026-04-02T10:12:08+00:00\" \/>\n<meta property=\"og:image\" content=\"http:\/\/juresco.com\/wp-content\/uploads\/2026\/03\/juresco-colors-4x-1024x269.png\" \/>\n<meta name=\"twitter:card\" content=\"summary_large_image\" \/>\n<meta name=\"twitter:label1\" content=\"Dur\u00e9e de lecture estim\u00e9e\" \/>\n\t<meta name=\"twitter:data1\" content=\"1 minute\" \/>\n<script type=\"application\/ld+json\" class=\"yoast-schema-graph\">{\"@context\":\"https:\\\/\\\/schema.org\",\"@graph\":[{\"@type\":\"WebPage\",\"@id\":\"https:\\\/\\\/juresco.com\\\/index.php\\\/fr\\\/homepage\\\/mentions-legales\\\/\",\"url\":\"https:\\\/\\\/juresco.com\\\/index.php\\\/fr\\\/homepage\\\/mentions-legales\\\/\",\"name\":\"Mentions l\u00e9gales - Juresco\",\"isPartOf\":{\"@id\":\"https:\\\/\\\/juresco.com\\\/#website\"},\"primaryImageOfPage\":{\"@id\":\"https:\\\/\\\/juresco.com\\\/index.php\\\/fr\\\/homepage\\\/mentions-legales\\\/#primaryimage\"},\"image\":{\"@id\":\"https:\\\/\\\/juresco.com\\\/index.php\\\/fr\\\/homepage\\\/mentions-legales\\\/#primaryimage\"},\"thumbnailUrl\":\"http:\\\/\\\/juresco.com\\\/wp-content\\\/uploads\\\/2026\\\/03\\\/juresco-colors-4x-1024x269.png\",\"datePublished\":\"2026-03-15T13:07:32+00:00\",\"dateModified\":\"2026-04-02T10:12:08+00:00\",\"breadcrumb\":{\"@id\":\"https:\\\/\\\/juresco.com\\\/index.php\\\/fr\\\/homepage\\\/mentions-legales\\\/#breadcrumb\"},\"inLanguage\":\"fr-FR\",\"potentialAction\":[{\"@type\":\"ReadAction\",\"target\":[\"https:\\\/\\\/juresco.com\\\/index.php\\\/fr\\\/homepage\\\/mentions-legales\\\/\"]}]},{\"@type\":\"ImageObject\",\"inLanguage\":\"fr-FR\",\"@id\":\"https:\\\/\\\/juresco.com\\\/index.php\\\/fr\\\/homepage\\\/mentions-legales\\\/#primaryimage\",\"url\":\"https:\\\/\\\/juresco.com\\\/wp-content\\\/uploads\\\/2026\\\/03\\\/juresco-colors-4x.png\",\"contentUrl\":\"https:\\\/\\\/juresco.com\\\/wp-content\\\/uploads\\\/2026\\\/03\\\/juresco-colors-4x.png\",\"width\":2201,\"height\":578},{\"@type\":\"BreadcrumbList\",\"@id\":\"https:\\\/\\\/juresco.com\\\/index.php\\\/fr\\\/homepage\\\/mentions-legales\\\/#breadcrumb\",\"itemListElement\":[{\"@type\":\"ListItem\",\"position\":1,\"name\":\"Accueil\",\"item\":\"https:\\\/\\\/juresco.com\\\/index.php\\\/fr\\\/homepage-2\\\/\"},{\"@type\":\"ListItem\",\"position\":2,\"name\":\"OLD Homepage\",\"item\":\"https:\\\/\\\/juresco.com\\\/?page_id=11\"},{\"@type\":\"ListItem\",\"position\":3,\"name\":\"Mentions l\u00e9gales\"}]},{\"@type\":\"WebSite\",\"@id\":\"https:\\\/\\\/juresco.com\\\/#website\",\"url\":\"https:\\\/\\\/juresco.com\\\/\",\"name\":\"Juresco\",\"description\":\"Accompagnements en conformit\u00e9 r\u00e9glementaire\",\"publisher\":{\"@id\":\"https:\\\/\\\/juresco.com\\\/#organization\"},\"potentialAction\":[{\"@type\":\"SearchAction\",\"target\":{\"@type\":\"EntryPoint\",\"urlTemplate\":\"https:\\\/\\\/juresco.com\\\/?s={search_term_string}\"},\"query-input\":{\"@type\":\"PropertyValueSpecification\",\"valueRequired\":true,\"valueName\":\"search_term_string\"}}],\"inLanguage\":\"fr-FR\"},{\"@type\":\"Organization\",\"@id\":\"https:\\\/\\\/juresco.com\\\/#organization\",\"name\":\"Juresco\",\"url\":\"https:\\\/\\\/juresco.com\\\/\",\"logo\":{\"@type\":\"ImageObject\",\"inLanguage\":\"fr-FR\",\"@id\":\"https:\\\/\\\/juresco.com\\\/#\\\/schema\\\/logo\\\/image\\\/\",\"url\":\"http:\\\/\\\/juresco.com\\\/wp-content\\\/uploads\\\/2026\\\/02\\\/444f0939-7786-403d-8f73-f2bf75c47d96-edited.jpeg\",\"contentUrl\":\"http:\\\/\\\/juresco.com\\\/wp-content\\\/uploads\\\/2026\\\/02\\\/444f0939-7786-403d-8f73-f2bf75c47d96-edited.jpeg\",\"width\":444,\"height\":247,\"caption\":\"Juresco\"},\"image\":{\"@id\":\"https:\\\/\\\/juresco.com\\\/#\\\/schema\\\/logo\\\/image\\\/\"}}]}<\/script>\n<!-- \/ Yoast SEO plugin. -->","yoast_head_json":{"title":"Mentions l\u00e9gales - Juresco","robots":{"index":"index","follow":"follow","max-snippet":"max-snippet:-1","max-image-preview":"max-image-preview:large","max-video-preview":"max-video-preview:-1"},"canonical":"https:\/\/juresco.com\/index.php\/fr\/homepage\/mentions-legales\/","og_locale":"fr_FR","og_type":"article","og_title":"Mentions l\u00e9gales - Juresco","og_description":"Mentions l\u00e9gales Conform\u00e9ment \u00e0 la loi n\u00b0 2004-2005 du 21 juin 2004 pour la confiance dans l\u2019\u00e9conomie num\u00e9rique (LCEN), le pr\u00e9sent site internet est cr\u00e9\u00e9 et administr\u00e9 par SARL JURESCO, propri\u00e9taire du site www.juresco.com, et met \u00e0 disposition du public les informations concernant son activit\u00e9 professionnelle. Coordonn\u00e9es : Nom de l\u2019entreprise : JURESCO&nbsp; Si\u00e8ge social [&hellip;]","og_url":"https:\/\/juresco.com\/index.php\/fr\/homepage\/mentions-legales\/","og_site_name":"Juresco","article_modified_time":"2026-04-02T10:12:08+00:00","og_image":[{"url":"http:\/\/juresco.com\/wp-content\/uploads\/2026\/03\/juresco-colors-4x-1024x269.png","type":"","width":"","height":""}],"twitter_card":"summary_large_image","twitter_misc":{"Dur\u00e9e de lecture estim\u00e9e":"1 minute"},"schema":{"@context":"https:\/\/schema.org","@graph":[{"@type":"WebPage","@id":"https:\/\/juresco.com\/index.php\/fr\/homepage\/mentions-legales\/","url":"https:\/\/juresco.com\/index.php\/fr\/homepage\/mentions-legales\/","name":"Mentions l\u00e9gales - Juresco","isPartOf":{"@id":"https:\/\/juresco.com\/#website"},"primaryImageOfPage":{"@id":"https:\/\/juresco.com\/index.php\/fr\/homepage\/mentions-legales\/#primaryimage"},"image":{"@id":"https:\/\/juresco.com\/index.php\/fr\/homepage\/mentions-legales\/#primaryimage"},"thumbnailUrl":"http:\/\/juresco.com\/wp-content\/uploads\/2026\/03\/juresco-colors-4x-1024x269.png","datePublished":"2026-03-15T13:07:32+00:00","dateModified":"2026-04-02T10:12:08+00:00","breadcrumb":{"@id":"https:\/\/juresco.com\/index.php\/fr\/homepage\/mentions-legales\/#breadcrumb"},"inLanguage":"fr-FR","potentialAction":[{"@type":"ReadAction","target":["https:\/\/juresco.com\/index.php\/fr\/homepage\/mentions-legales\/"]}]},{"@type":"ImageObject","inLanguage":"fr-FR","@id":"https:\/\/juresco.com\/index.php\/fr\/homepage\/mentions-legales\/#primaryimage","url":"https:\/\/juresco.com\/wp-content\/uploads\/2026\/03\/juresco-colors-4x.png","contentUrl":"https:\/\/juresco.com\/wp-content\/uploads\/2026\/03\/juresco-colors-4x.png","width":2201,"height":578},{"@type":"BreadcrumbList","@id":"https:\/\/juresco.com\/index.php\/fr\/homepage\/mentions-legales\/#breadcrumb","itemListElement":[{"@type":"ListItem","position":1,"name":"Accueil","item":"https:\/\/juresco.com\/index.php\/fr\/homepage-2\/"},{"@type":"ListItem","position":2,"name":"OLD Homepage","item":"https:\/\/juresco.com\/?page_id=11"},{"@type":"ListItem","position":3,"name":"Mentions l\u00e9gales"}]},{"@type":"WebSite","@id":"https:\/\/juresco.com\/#website","url":"https:\/\/juresco.com\/","name":"Juresco","description":"Accompagnements en conformit\u00e9 r\u00e9glementaire","publisher":{"@id":"https:\/\/juresco.com\/#organization"},"potentialAction":[{"@type":"SearchAction","target":{"@type":"EntryPoint","urlTemplate":"https:\/\/juresco.com\/?s={search_term_string}"},"query-input":{"@type":"PropertyValueSpecification","valueRequired":true,"valueName":"search_term_string"}}],"inLanguage":"fr-FR"},{"@type":"Organization","@id":"https:\/\/juresco.com\/#organization","name":"Juresco","url":"https:\/\/juresco.com\/","logo":{"@type":"ImageObject","inLanguage":"fr-FR","@id":"https:\/\/juresco.com\/#\/schema\/logo\/image\/","url":"http:\/\/juresco.com\/wp-content\/uploads\/2026\/02\/444f0939-7786-403d-8f73-f2bf75c47d96-edited.jpeg","contentUrl":"http:\/\/juresco.com\/wp-content\/uploads\/2026\/02\/444f0939-7786-403d-8f73-f2bf75c47d96-edited.jpeg","width":444,"height":247,"caption":"Juresco"},"image":{"@id":"https:\/\/juresco.com\/#\/schema\/logo\/image\/"}}]}},"_links":{"self":[{"href":"https:\/\/juresco.com\/index.php\/wp-json\/wp\/v2\/pages\/329","targetHints":{"allow":["GET"]}}],"collection":[{"href":"https:\/\/juresco.com\/index.php\/wp-json\/wp\/v2\/pages"}],"about":[{"href":"https:\/\/juresco.com\/index.php\/wp-json\/wp\/v2\/types\/page"}],"author":[{"embeddable":true,"href":"https:\/\/juresco.com\/index.php\/wp-json\/wp\/v2\/users\/1"}],"replies":[{"embeddable":true,"href":"https:\/\/juresco.com\/index.php\/wp-json\/wp\/v2\/comments?post=329"}],"version-history":[{"count":14,"href":"https:\/\/juresco.com\/index.php\/wp-json\/wp\/v2\/pages\/329\/revisions"}],"predecessor-version":[{"id":417,"href":"https:\/\/juresco.com\/index.php\/wp-json\/wp\/v2\/pages\/329\/revisions\/417"}],"up":[{"embeddable":true,"href":"https:\/\/juresco.com\/index.php\/wp-json\/wp\/v2\/pages\/11"}],"wp:attachment":[{"href":"https:\/\/juresco.com\/index.php\/wp-json\/wp\/v2\/media?parent=329"}],"curies":[{"name":"wp","href":"https:\/\/api.w.org\/{rel}","templated":true}]}}